{"id":3,"date":"2018-05-27T18:51:59","date_gmt":"2018-05-27T16:51:59","guid":{"rendered":"https:\/\/tussyke.de\/Hachelauf\/?page_id=3"},"modified":"2019-01-31T20:36:20","modified_gmt":"2019-01-31T19:36:20","slug":"datenschutzerklaerung","status":"publish","type":"page","link":"https:\/\/tussyke.de\/Hachelauf\/datenschutzerklaerung\/","title":{"rendered":"Datenschutzerkl\u00e4rung"},"content":{"rendered":"<p><strong>1. Datenschutz auf einen Blick<\/strong><\/p>\n<p>Allgemeine Hinweise<\/p>\n<p>Die folgenden Hinweise geben einen \u00dcberblick dar\u00fcber, was mit Ihren personenbezogenen Daten passiert, wenn Sie unsere Webseite besuchen. Personenbezogene Daten sind alle Daten, mit denen Sie pers\u00f6nlich identifiziert werden k\u00f6nnen. Ausf\u00fchrliche Informationen zum Thema Datenschutz entnehmen Sie unserer unter diesem Text aufgef\u00fchrten Datenschutzerkl\u00e4rung.<\/p>\n<p><strong>Datenerfassung auf unserer Webseite<\/strong><\/p>\n<p>Wer ist verantwortlich f\u00fcr die Datenerfassung auf dieser Webseite?<\/p>\n<p>Die Datenverarbeitung auf dieser Webseite erfolgt durch den Webseitenbetreiber. Dessen Kontaktdaten k\u00f6nnen Sie dem Impressum dieser Webseite entnehmen.<\/p>\n<p>Wie erfassen wir Ihre Daten?<\/p>\n<p>Ihre Daten werden zum einen dadurch erhoben, dass Sie uns diese mitteilen. Hierbei kann es sich z.B. um Daten handeln, die Sie in ein Kontaktformular eingeben.<\/p>\n<p>Andere Daten werden automatisch beim Besuch der Webseite durch unsere IT-Systeme erfasst. Das sind vor allem technische Daten (z.B. Internetbrowser, Betriebssystem oder Uhrzeit des Seitenaufrufs). Die Erfassung dieser Daten erfolgt automatisch, sobald Sie unsere Webseite betreten.<\/p>\n<p>Wof\u00fcr nutzen wir Ihre Daten?<\/p>\n<p>Ein Teil der Daten wird erhoben, um eine fehlerfreie Bereitstellung der Webseite zu gew\u00e4hrleisten. Andere Daten k\u00f6nnen zur Analyse Ihres Nutzerverhaltens verwendet werden.<\/p>\n<p>Welche Rechte haben Sie bez\u00fcglich Ihrer Daten?<\/p>\n<p>Sie haben jederzeit das Recht, unentgeltlich Auskunft \u00fcber Herkunft, Empf\u00e4nger und Zweck Ihrer gespeicherten personenbezogenen Daten zu erhalten. Sie haben au\u00dferdem das Recht, die Berichtigung, Sperrung oder L\u00f6schung dieser Daten zu verlangen. Hierzu sowie zu weiteren Fragen zum Thema Datenschutz k\u00f6nnen Sie sich jederzeit unter der im Impressum angegebenen Adresse an uns wenden. Des Weiteren steht Ihnen ein Beschwerderecht bei der zust\u00e4ndigen Aufsichtsbeh\u00f6rde zu.<\/p>\n<p><strong>2. Allgemeine Hinweise und Pflichtinformationen<\/strong><\/p>\n<p><strong>Datenschutz<\/strong><\/p>\n<p>Wir als Betreiber dieser Webseite behandeln Ihre personenbezogenen Daten vertraulich und entsprechend der gesetzlichen Datenschutzvorschriften sowie dieser Datenschutzerkl\u00e4rung.<\/p>\n<p>Wenn Sie diese Webseite benutzen, werden verschiedene personenbezogene Daten erhoben. Personenbezogene Daten sind Daten, mit denen Sie pers\u00f6nlich identifiziert werden k\u00f6nnen. Die vorliegende Datenschutzerkl\u00e4rung erl\u00e4utert, welche Daten wir erheben und wof\u00fcr wir sie nutzen. Sie erl\u00e4utert auch, wie und zu welchem Zweck das geschieht.<\/p>\n<p>Wir weisen darauf hin, dass die Daten\u00fcbertragung im Internet (z.B. bei der Kommunikation per E-Mail) Sicherheitsl\u00fccken aufweisen kann. Ein l\u00fcckenloser Schutz der Daten vor dem Zugriff durch Dritte ist nicht m\u00f6glich.<\/p>\n<p>Sofern innerhalb des Internetangebotes die M\u00f6glichkeit zur Eingabe pers\u00f6nlicher oder gesch\u00e4ftlicher Daten (E-Mai-Adressen, Namen, Anschriften) besteht, erfolgt die Preisgabe dieser Daten seitens des Nutzers auf ausdr\u00fccklich freiwilliger Basis. Auch hier werden Ihre Daten vertraulich behandelt und nicht an Dritte weitergegeben.<\/p>\n<p><strong>Hinweis zur verantwortlichen Stelle<\/strong><\/p>\n<p>Der Verantwortliche f\u00fcr die Datenverarbeitung auf dieser Webseite im Sinne der Datenschutz-Grundverordnung und anderer nationaler Datenschutzgesetze sowie sonstiger datenschutzrechtlichen Bestimmungen ist der<\/p>\n<p>Turn- und Sportverein Syke e.V.<br \/>\nHauptstr. 2a<br \/>\n28857 Syke<\/p>\n<p>Telefon: 04242 &#8211; 1680112<br \/>\nE-Mail: <a href=\"mailto:info@tussyke.de\">info@tussyke.de<\/a><\/p>\n<p>Website: <a href=\"http:\/\/www.tussyke.de\/\">www.tussyke.de<\/a><\/p>\n<p>Der Verantwortliche ist die nat\u00fcrliche oder juristische Person, die allein oder gemeinsam mit anderen \u00fcber die Zwecke und Mittel der Verarbeitung von personenbezogenen Daten (z.B. Namen, E-Mail-Adressen o. \u00c4.) entscheidet.<\/p>\n<p><strong>Umfang der Verarbeitung personenbezogener Daten<\/strong><\/p>\n<p>Wir erheben personenbezogene Daten grunds\u00e4tzlich nur, soweit dies zur Bereitstellung einer funktionsf\u00e4higen Website sowie unserer Inhalte und Leistungen erforderlich ist.<\/p>\n<p>Die Verarbeitung personenbezogener Daten erfolgt regelm\u00e4\u00dfig nur nach Einwilligung des Nutzers. Eine Ausnahme gilt in solchen F\u00e4llen, in denen eine vorherige Einholung einer Einwilligung aus tats\u00e4chlichen Gr\u00fcnden nicht m\u00f6glich ist und die Verarbeitung der Daten durch gesetzliche Vorschriften gestattet ist.<\/p>\n<p>Soweit wir f\u00fcr Verarbeitungsvorg\u00e4nge personenbezogener Daten eine Einwilligung der betroffenen Person einholen, dient Art. 6 Abs. 1 lit. a EU-Datenschutzgrundverordnung (DSGVO) als Rechtsgrundlage.<\/p>\n<p>Bei der Verarbeitung von personenbezogenen Daten, die zur Erf\u00fcllung eines Vertrages, dessen Vertragspartei die betroffene Person ist, erforderlich ist, dient Art. 6 Abs. 1 lit. b DSGVO als Rechtsgrundlage. Dies gilt auch f\u00fcr Verarbeitungsvorg\u00e4nge, die zur Durchf\u00fchrung vorvertraglicher Ma\u00dfnahmen erforderlich sind.<\/p>\n<p>Soweit eine Verarbeitung personenbezogener Daten zur Erf\u00fcllung einer rechtlichen Verpflichtung erforderlich ist, der unser Verein unterliegt, dient Art. 6 Abs. 1 lit. c DSGVO als Rechtsgrundlage.<\/p>\n<p>F\u00fcr den Fall, dass lebenswichtige Interessen der betroffenen Person oder einer anderen nat\u00fcrlichen Person eine Verarbeitung personenbezogener Daten erforderlich machen, dient Art. 6 Abs. 1 lit. d DSGVO als Rechtsgrundlage.<\/p>\n<p>Ist die Verarbeitung zur Wahrung eines berechtigten Interesses unseres Vereins oder eines Dritten erforderlich und \u00fcberwiegen die Interessen, Grundrechte und Grundfreiheiten des Betroffenen das erstgenannte Interesse nicht, so dient Art. 6 Abs. 1 lit. f DSGVO als Rechtsgrundlage f\u00fcr die Verarbeitung.<\/p>\n<p><strong>Widerruf Ihrer Einwilligung zur Datenverarbeitung<\/strong><\/p>\n<p>Viele Datenverarbeitungsvorg\u00e4nge sind nur mit Ihrer ausdr\u00fccklichen Einwilligung m\u00f6glich. Sie k\u00f6nnen eine bereits erteilte Einwilligung jederzeit widerrufen. Dazu reicht eine formlose Mitteilung per E-Mail an uns. Die Rechtm\u00e4\u00dfigkeit der bis zum Widerruf erfolgten Datenverarbeitung bleibt vom Widerruf unber\u00fchrt.<\/p>\n<p><strong>Beschwerderecht bei der zust\u00e4ndigen Aufsichtsbeh\u00f6rde<\/strong><\/p>\n<p>Im Falle datenschutzrechtlicher Verst\u00f6\u00dfe steht dem Betroffenen ein Beschwerderecht bei der zust\u00e4ndigen Aufsichtsbeh\u00f6rde zu. Zust\u00e4ndige Aufsichtsbeh\u00f6rde in datenschutzrechtlichen Fragen ist der Landesdatenschutzbeauftragte des Bundeslandes Niedersachsen, die Kontaktdaten finden Sie hier:<\/p>\n<p><a href=\"https:\/\/www.bfdi.bund.de\/SharedDocs\/Adressen\/LfD\/Niedersachsen.html;jsessionid=462FB1F5724C3219A1C5523B0211AFD2.1_cid354?nn=5217144\">https:\/\/www.bfdi.bund.de\/SharedDocs\/Adressen\/LfD\/Niedersachsen.html;jsessionid=462FB1F5724C3219A1C5523B0211AFD2.1_cid354?nn=5217144<\/a><\/p>\n<p><strong>SSL- bzw. TLS-Verschl\u00fcsselung<\/strong><\/p>\n<p>Diese Seite nutzt aus Sicherheitsgr\u00fcnden und zum Schutz der \u00dcbertragung vertraulicher Inhalte wie zum Beispiel Anfragen, die Sie an uns als Seitenbetreiber senden, eine SSL-bzw. TLS-Verschl\u00fcsselung. Eine verschl\u00fcsselte Verbindung erkennen Sie daran, dass die Adresszeile des Browsers von \u201chttp:\/\/\u201d auf \u201chttps:\/\/\u201d wechselt und an dem Schloss-Symbol in Ihrer Browserzeile. Wenn die SSL- bzw. TLS-Verschl\u00fcsselung aktiviert ist, k\u00f6nnen die Daten, die Sie an uns \u00fcbermitteln, nicht von Dritten mitgelesen werden.<\/p>\n<p><strong>Auskunft, Sperrung, L\u00f6schung<\/strong><\/p>\n<p>Sie haben im Rahmen der geltenden gesetzlichen Bestimmungen auf Antrag jederzeit das Recht auf unentgeltliche Auskunft \u00fcber Ihre gespeicherten personenbezogenen Daten, deren Herkunft und Empf\u00e4nger und den Zweck der Datenverarbeitung und ggf. ein Recht auf Berichtigung, Sperrung oder L\u00f6schung dieser Daten.<\/p>\n<p>Die von uns verarbeiteten Daten werden nach Ma\u00dfgabe der Art. 17 und 18 DSGVO gel\u00f6scht oder in ihrer Verarbeitung eingeschr\u00e4nkt. Sofern im Rahmen dieser Datenschutzerkl\u00e4rung nicht ausdr\u00fccklich angegeben, werden die bei uns gespeicherten Daten gel\u00f6scht, sobald sie f\u00fcr ihre Zweckbestimmung nicht mehr erforderlich sind und der L\u00f6schung keine gesetzlichen Aufbewahrungspflichten entgegenstehen. Sofern die Daten nicht gel\u00f6scht werden, weil sie f\u00fcr andere und gesetzlich zul\u00e4ssige Zwecke erforderlich sind , wird deren Verarbeitung eingeschr\u00e4nkt, d.h. die Daten werden gesperrt und nicht f\u00fcr andere Zwecke verarbeitet.<\/p>\n<p><strong>Widerspruch gegen Werbe-Mails<\/strong><\/p>\n<p>Der Nutzung von im Rahmen der Impressumspflicht ver\u00f6ffentlichten Kontaktdaten zur \u00dcbersendung von nicht ausdr\u00fccklich angeforderter Werbung und Informationsmaterialien wird hiermit widersprochen. Die Betreiber der Seiten behalten sich ausdr\u00fccklich rechtliche Schritte im Falle der unverlangten Zusendung von Werbeinformationen, etwa durch Spam-E-Mails, vor.<\/p>\n<p><strong>3. Datenschutzbeauftragter<\/strong><\/p>\n<p><strong>Gesetzlich vorgeschriebener Datenschutzbeauftragter<\/strong><\/p>\n<p>Unser Verein hat einen gesetzlich vorgeschriebenen Datenschutzbeauftragten bestellt.<\/p>\n<p>Wenn Sie Fragen, Anmerkungen oder Beschwerden zum Thema Datenschutz bei uns haben, dann nehmen Sie bitte Kontakt mit unserem Datenschutzbeauftragten unter <a href=\"mailto:info@tussyke.de\">info@tussyke.de<\/a> auf.<\/p>\n<p><strong>4. Datenerfassung auf unserer Website<\/strong><\/p>\n<p><strong>Cookies<\/strong><\/p>\n<p>Die Internetseiten verwenden teilweise so genannte Cookies.<\/p>\n<p>Cookies dienen dazu, unser Angebot nutzerfreundlicher und effektiver zu machen. Sie sind kleine Textdateien, die auf Ihrem Rechner abgelegt werden und die Ihr Browser speichert. Sie bleiben gespeichert, bis Sie diese l\u00f6schen. Diese Cookies erm\u00f6glichen es uns, Ihren Browser beim n\u00e4chsten Besuch wiederzuerkennen.<\/p>\n<p>Sie k\u00f6nnen Ihren Browser so einstellen, dass Sie \u00fcber das Setzen von Cookies informiert werden und sie nur im Einzelfall erlauben, die Annahme f\u00fcr bestimmte F\u00e4lle oder generell ausschlie\u00dfen sowie das automatische L\u00f6schen beim Schlie\u00dfen des Browser aktivieren. Bei der Deaktivierung von Cookies kann die Funktionalit\u00e4t dieser Website eingeschr\u00e4nkt sein.<\/p>\n<p>Cookies, die zur Durchf\u00fchrung des elektronischen Kommunikationsvorgangs oder zur Bereitstellung bestimmter, von Ihnen erw\u00fcnschter Funktionen erforderlich sind, werden auf Grundlage von Art. 6 Abs. 1 lit. f DSGVO gespeichert. Der Webseitenbetreiber hat ein berechtigtes Interesse an der Speicherung von Cookies zur technisch fehlerfreien und optimierten Bereitstellung seiner Dienste.<\/p>\n<p>Die Rechtsgrundlage f\u00fcr die Verarbeitung personenbezogener Daten unter Verwendung von Cookies zu Analysezwecken ist bei Vorliegen einer diesbez\u00fcglichen Einwilligung des Nutzers Art. 6 Abs. 1 lit. a DSGVO.<\/p>\n<p><strong>Server-Log-Dateien (Protokolldateien)<\/strong><\/p>\n<p>Bei jedem Zugriff eines Nutzers auf eine Seite unseres Angebots und bei jedem Abruf einer Datei erhebt und speichert der Provider der Seiten Informationen in so genannten Server-Log-Dateien (Protokolldateien), die Ihr Browser automatisch an uns \u00fcbermittelt.<\/p>\n<p><strong>Diese enthalten je nach Nutzungsart:<\/strong><\/p>\n<p>&#8211; Browsertyp und Browserversion<br \/>\n&#8211; verwendetes Betriebssystem<br \/>\n&#8211; Webseite, von der aus die Datei angefordert wurde (Referrer URL)<\/p>\n<p>&#8211; Webseite, die vom System des Nutzers \u00fcber unsere Webseite aufgerufen wird<br \/>\n&#8211; Hostname des zugreifenden Rechners<br \/>\n&#8211; Datum und Uhrzeit der Anforderung\/Serveranfrage<br \/>\n&#8211; Dauer des Besuchs der Webseite<br \/>\n&#8211; IP-Adresse<br \/>\n&#8211; Name der Datei- \u00fcbertragene Datenmenge<br \/>\n&#8211; Zugriffsstatus (Datei \u00fcbertragen, Datei nicht gefunden etc.)<\/p>\n<p>Die vor\u00fcbergehende Speicherung der IP-Adresse durch das System ist notwendig, um eine Auslieferung der Webseite an den Rechner des Nutzers zu erm\u00f6glichen. Hierf\u00fcr muss die IP-Adresse des Nutzers f\u00fcr die Dauer der Sitzung gespeichert bleiben.<\/p>\n<p>Die Speicherung in Logfiles erfolgt, um die Funktionsf\u00e4higkeit der Webseite sicherzustellen. Zudem dienen uns die Daten zur Optimierung der Webseite und zur Sicherstellung der Sicherheit unserer Informationstechnischen Systeme.<\/p>\n<p>Rechtsgrundlage f\u00fcr die Datenverarbeitung ist Art. 6 Abs. 1 lit. f DSGVO, der die Verarbeitung von Daten zur Erf\u00fcllung eines Vertrags oder vorvertraglicher Ma\u00dfnahmen gestattet.<\/p>\n<p>Die Erfassung der Daten zur Bereitstellung der Webseite und die Speicherung der Daten in Logfiles ist f\u00fcr den Betrieb der Internetseite zwingend erforderlich. Es besteht folglich seitens des Nutzers keine Widerspruchsm\u00f6glichkeit.<\/p>\n<p><strong>Kontaktformular und E-Mail-Kontakt<\/strong><\/p>\n<p>Ihre Angaben und Daten aus dem Kontaktformular werden zwecks Bearbeitung an uns \u00fcbermittelt und gespeichert. Diese Daten geben wir nicht ohne Ihre Einwilligung weiter.<\/p>\n<p>F\u00fcr die Verarbeitung bzw. Speicherung der Daten wird im Rahmen des Absendevorgangs Ihre Einwilligung eingeholt und auf diese Datenschutzerkl\u00e4rung verwiesen.<\/p>\n<p>Die Verarbeitung der in das Kontaktformular eingegebenen Daten erfolgt ausschlie\u00dflich auf Grundlage Ihrer Einwilligung (Art. 6 Abs. 1 lit. a DSGVO). Sie k\u00f6nnen diese Einwilligung jederzeit widerrufen. Dazu reicht eine formlose Mitteilung per E-Mail an uns. Die Rechtm\u00e4\u00dfigkeit der bis zum Widerruf erfolgten Datenverarbeitungsvorg\u00e4nge bleibt vom Widerruf unber\u00fchrt.<\/p>\n<p>Alternativ k\u00f6nnen Sie \u00fcber die aufgef\u00fchrte(n) E-Mail-Adresse(n) Kontakt mit uns aufnehmen. In diesem Fall werden Ihre mit der E-Mail \u00fcbermittelten personenbezogenen Daten gespeichert. Auch hier erfolgt keine Weitergabe der Daten an Dritte. Rechtsgrundlage ist Art. 6 Abs. 1 lit. f DSGVO. Zielt der E-Mail-Kontakt auf den Abschluss eines Vertrages ab, ist die zus\u00e4tzliche Rechtsgrundlage f\u00fcr die Verarbeitung Art. 6 Abs. 1 lit. b DSGVO.<\/p>\n<p>Die von Ihnen \u00fcbermittelten Daten verbleiben bei uns, bis Sie uns zur L\u00f6schung auffordern, Ihre Einwilligung zur Speicherung widerrufen oder der Zweck f\u00fcr die Datenspeicherung entf\u00e4llt. Zwingende gesetzliche Bestimmungen \u2013 insbesondere Aufbewahrungsfristen \u2013 bleiben unber\u00fchrt.<\/p>\n<p><strong>Plugins und Tools (Software Erweiterungen und Hilfsprogramme)<\/strong><\/p>\n<p>Unser Internetauftritt verwendet Social Plugins (&#8222;Plugins&#8220;) der sozialen Netzwerke facebook.com, instagram.com, pinterest.com und LinkedIn (gemeinsam nachfolgend auch \u201edie Anbieter\u201c genannt).<br \/>\nDurch die Einbindung der Plugins erhalten die Anbieter zumindest die Information, dass Sie die betreffende Webseite aufgerufen haben, gegebenenfalls auch weitergehende Informationen in Abh\u00e4ngigkeit vom jeweiligen Plugin bzw. Dienst.<br \/>\nSofern Sie bei dem jeweiligen Anbieter registriert und eingeloggt sind, kann dieser Anbieter den Besuch Ihrem Nutzerkonto bei diesem Anbieter zuordnen. Wenn Sie etwa mit dem Plugin interagieren, zum Beispiel den &#8222;Gef\u00e4llt mir&#8220; Button bei Facebook bet\u00e4tigen oder einen Kommentar abgeben, wird die entsprechende Information von Ihrem Browser direkt an den Anbieter \u00fcbermittelt und dort gespeichert sowie gegebenenfalls weiterverarbeitet werden.<\/p>\n<p>Einzelheiten zu Zweck und Umfang der Datenerhebung sowie die weitere Verarbeitung und Nutzung der Daten durch den jeweiligen Anbieter, aber auch Ihre diesbez\u00fcglichen Rechte und Einstellungsm\u00f6glichkeiten zum Schutz Ihrer Privatsph\u00e4re k\u00f6nnen Sie den Datenschutzhinweisen der entsprechenden Anbieter entnehmen.<\/p>\n<p>Google Web Fonts (Schriften)<br \/>\nDiese Seite nutzt zur einheitlichen Darstellung von Schriftarten so genannte Web Fonts, die von Google bereitgestellt werden. Beim Aufruf der Webseite l\u00e4dt Ihr Browser die ben\u00f6tigten Web Fonts in Ihren Browsercache. Zu diesem Zweck nimmt er Verbindung zu den Servern von Google auf und \u00fcbermittelt dabei nutzerbezogene Informationen (Name, Version und Spracheinstellungen des vom Nutzer verwendeten Browsers und Betriebssystems, Webseite, von der die Anfrage stammt, Bildschirmaufl\u00f6sung und IP Adresse). Die Nutzung von Google Web Fonts erfolgt im Interesse einer einheitlichen und ansprechenden Darstellung unserer Online-Angebote. Dies stellt ein berechtigtes Interesse im Sinne von Art. 6 Abs. 1 lit. f DSGVO dar. Weitere Informationen zu Google Web Fonts finden Sie unter <a href=\"https:\/\/developers.google.com\/fonts\/faq\">https:\/\/developers.google.com\/fonts\/faq<\/a> und in der Datenschutzerkl\u00e4rung von Google: <a href=\"https:\/\/www.google.com\/policies\/privacy\/\">https:\/\/www.google.com\/policies\/privacy\/<\/a> .<\/p>\n<p>Deaktivieren Sie JavaScript in Ihren Browsereinstellungen, wenn Sie nicht m\u00f6chten, dass Google mit dem Abruf der Schriften Daten \u00fcber Sie erhebt, verarbeitet oder nutzt. In diesem Fall wird die Webseite in einer vom Browser selbst unterst\u00fctzten Standardschrift angezeigt, mit der eine nutzerfreundliche Darstellung der Webseite nicht garantiert ist. Unter Umst\u00e4nden stehen durch die Deaktivierung des JavaScripts Funktionen begrenzt oder nicht zur Verf\u00fcgung.<\/p>\n<p><strong>5. Links zu anderen Websites<\/strong><\/p>\n<p>Unser Online-Angebot enth\u00e4lt Links zu anderen Webseiten. Wir haben keinen Einfluss darauf, dass deren Betreiber die Datenschutzbestimmungen einhalten. Wir sind als Anbieter f\u00fcr eigene Inhalte nach den allgemeinen Gesetzen verantwortlich. Von diesen eigenen Inhalten sind unter Umst\u00e4nden Links auf die von anderen Anbietern bereitgehaltenen Inhalte zu unterscheiden. F\u00fcr fremde Inhalte, die \u00fcber Links zur Nutzung bereitgestellt werden, \u00fcbernehmen wir keine Verantwortung und machen uns deren Inhalt nicht zu Eigen. F\u00fcr illegale, fehlerhafte oder unvollst\u00e4ndige Inhalte sowie f\u00fcr Sch\u00e4den, die durch die Nutzung oder Nichtnutzung der Informationen entstehen, haftet allein der Anbieter der Webseite, auf die verwiesen wurde. F\u00fcr fremde Hinweise sind wir nur dann verantwortlich, wenn wir von ihnen, das hei\u00dft auch von einem eventuellen rechtswidrigen bzw. strafbaren Inhalt, positive Kenntnis haben, und es technisch m\u00f6glich und zumutbar ist, deren Nutzung zu verhindern.<\/p>\n<p>Sofern wir auf unserer Webseite Onlinepr\u00e4senzen innerhalb sozialer Netzwerke und Plattformen unterhalten, um mit den dort aktiven Interessenten und Nutzern zu kommunizieren und sie dort \u00fcber unsere Leistungen informieren zu k\u00f6nnen, gelten beim Aufruf der jeweiligen Netzwerke und Plattformen die Gesch\u00e4ftsbedingungen und die Datenverarbeitungsrichtlinien der jeweiligen Betreiber. Soweit nicht anders im Rahmen unserer Datenschutzerkl\u00e4rung angegeben, verarbeiten wir die Daten der Nutzer, sofern sie mit uns innerhalb der sozialen Netzwerke und Plattformen kommunizieren.<\/p>\n<p><strong>Datenschutz in der EU<br \/>\n<\/strong><strong>DSGVO, mehr erfahren: <\/strong><a href=\"https:\/\/www.bmi.bund.de\/SharedDocs\/topthemen\/DE\/topthema-datenschutz\/top-thema-datenschutz.html\"><strong>https:\/\/www.bmi.bund.de\/SharedDocs\/topthemen\/DE\/topthema-datenschutz\/top-thema-datenschutz.html<\/strong><\/a><\/p>\n","protected":false},"excerpt":{"rendered":"<p>1. Datenschutz auf einen Blick Allgemeine Hinweise Die folgenden Hinweise geben einen \u00dcberblick dar\u00fcber, was mit Ihren personenbezogenen Daten passiert, wenn Sie unsere Webseite besuchen. Personenbezogene Daten sind alle Daten, mit denen Sie pers\u00f6nlich identifiziert werden k\u00f6nnen. Ausf\u00fchrliche Informationen zum Thema Datenschutz entnehmen Sie unserer unter diesem Text aufgef\u00fchrten Datenschutzerkl\u00e4rung. Datenerfassung auf unserer Webseite Wer&hellip; <br \/> <a class=\"button small blue\" href=\"https:\/\/tussyke.de\/Hachelauf\/datenschutzerklaerung\/\">Weiterlesen<\/a><\/p>\n","protected":false},"author":1,"featured_media":0,"parent":0,"menu_order":0,"comment_status":"closed","ping_status":"open","template":"","meta":{"footnotes":""},"class_list":["post-3","page","type-page","status-publish","hentry"],"_links":{"self":[{"href":"https:\/\/tussyke.de\/Hachelauf\/wp-json\/wp\/v2\/pages\/3","targetHints":{"allow":["GET"]}}],"collection":[{"href":"https:\/\/tussyke.de\/Hachelauf\/wp-json\/wp\/v2\/pages"}],"about":[{"href":"https:\/\/tussyke.de\/Hachelauf\/wp-json\/wp\/v2\/types\/page"}],"author":[{"embeddable":true,"href":"https:\/\/tussyke.de\/Hachelauf\/wp-json\/wp\/v2\/users\/1"}],"replies":[{"embeddable":true,"href":"https:\/\/tussyke.de\/Hachelauf\/wp-json\/wp\/v2\/comments?post=3"}],"version-history":[{"count":7,"href":"https:\/\/tussyke.de\/Hachelauf\/wp-json\/wp\/v2\/pages\/3\/revisions"}],"predecessor-version":[{"id":631,"href":"https:\/\/tussyke.de\/Hachelauf\/wp-json\/wp\/v2\/pages\/3\/revisions\/631"}],"wp:attachment":[{"href":"https:\/\/tussyke.de\/Hachelauf\/wp-json\/wp\/v2\/media?parent=3"}],"curies":[{"name":"wp","href":"https:\/\/api.w.org\/{rel}","templated":true}]}}