{"id":34,"date":"2018-05-27T19:20:06","date_gmt":"2018-05-27T17:20:06","guid":{"rendered":"https:\/\/tussyke.de\/Hachelauf\/?page_id=34"},"modified":"2025-05-17T19:11:59","modified_gmt":"2025-05-17T17:11:59","slug":"900m-kinderlauf","status":"publish","type":"page","link":"https:\/\/tussyke.de\/Hachelauf\/900m-kinderlauf\/","title":{"rendered":"1km-Zelle Immobilien-Kinderl\u00e4ufe"},"content":{"rendered":"<h2>IHR KLEINEN GANZ GROSS!<\/h2>\n<p>Du bist zwischen 2015 und 2020 geboren?<br \/>\nDann l\u00e4ufst Du eine sch\u00f6ne Runde durch Syke. Start und Ziel befinden sich vor dem Kreishaus. Du l\u00e4ufst u.a. durch den Edgar-Deichmann-Park. Auf dem Weg zum Ziel durch die Fu\u00dfg\u00e4ngerzone kannst Du Dich von Deinen Freunden und Verwandten anfeuern lassen.<\/p>\n<p>Im Ziel bekommst Du eine Medaille.<\/p>\n<p>Wir freuen uns auf Dich !<\/p>\n<p><b>Zeitplan fu\u0308r die Kinderl\u00e4ufe<\/b> (14:20 \u2013 16:00 Uhr) und deren Siegerehrungen\u00a0 <span style=\"color: #008000\"><a style=\"color: #008000\" href=\"https:\/\/tussyke.de\/Hachelauf\/lauf-infos\/zeitplan\/\"><strong>HIER<\/strong><\/a><\/span><\/p>\n<p><span style=\"font-size: 18px;font-family: 'Source Sans Pro', sans-serif\"><br \/>\nDas Orga-Team beh\u00e4lt sich \u00c4nderungen vor.<\/span><\/p>\n<p>Sei bitte etwa 15 min. vorher im Startbereich.<\/p>\n<p>Den Streckenplan findest Du <a href=\"https:\/\/tussyke.de\/Hachelauf\/lauf-infos\/strecke\/\">hier<\/a>.<\/p>\n<p>Auf geht\u2019s zur <a href=\"https:\/\/tussyke.de\/Hachelauf\/anmeldung\/\">Anmeldung<\/a>.<\/p>\n<p>Die Siegerehrungen der besten drei L\u00e4uferinnen und L\u00e4ufer pro Jahrgang erfolgen am Veranstaltungstag.<br \/>\nDie Schulen mit den meisten teilnehmenden Sch\u00fclern (im Verh\u00e4ltnis zur<br \/>\nGesamtschu\u0308lerzahl) und die schnellsten Klassen pro Jahrgang werden ebenfalls ausgezeichnet.<\/p>\n<hr \/>\n<p>Dieser Lauf wird gesponsert von<br \/>\n<a href=\"https:\/\/zelle-immobilien.de\/verkaufen\/informationen\"><img decoding=\"async\" class=\"alignleft size-medium wp-image-521\" src=\"http:\/\/tussyke.de\/Hachelauf\/wp-content\/uploads\/2018\/11\/Zelle_Logo_neu_2_18kl-300x137.jpg\" alt=\"Zelle Immobilien\" width=\"250\" srcset=\"https:\/\/tussyke.de\/Hachelauf\/wp-content\/uploads\/2018\/11\/Zelle_Logo_neu_2_18kl-300x137.jpg 300w, https:\/\/tussyke.de\/Hachelauf\/wp-content\/uploads\/2018\/11\/Zelle_Logo_neu_2_18kl.jpg 600w\" sizes=\"(max-width: 300px) 100vw, 300px\" \/><\/a><\/p>\n","protected":false},"excerpt":{"rendered":"<p>IHR KLEINEN GANZ GROSS! Du bist zwischen 2015 und 2020 geboren? Dann l\u00e4ufst Du eine sch\u00f6ne Runde durch Syke. Start und Ziel befinden sich vor dem Kreishaus. Du l\u00e4ufst u.a. durch den Edgar-Deichmann-Park. Auf dem Weg zum Ziel durch die Fu\u00dfg\u00e4ngerzone kannst Du Dich von Deinen Freunden und Verwandten anfeuern lassen. Im Ziel bekommst Du&hellip; <br \/> <a class=\"button small blue\" href=\"https:\/\/tussyke.de\/Hachelauf\/900m-kinderlauf\/\">Weiterlesen<\/a><\/p>\n","protected":false},"author":1,"featured_media":0,"parent":0,"menu_order":0,"comment_status":"closed","ping_status":"closed","template":"","meta":{"footnotes":""},"class_list":["post-34","page","type-page","status-publish","hentry"],"_links":{"self":[{"href":"https:\/\/tussyke.de\/Hachelauf\/wp-json\/wp\/v2\/pages\/34","targetHints":{"allow":["GET"]}}],"collection":[{"href":"https:\/\/tussyke.de\/Hachelauf\/wp-json\/wp\/v2\/pages"}],"about":[{"href":"https:\/\/tussyke.de\/Hachelauf\/wp-json\/wp\/v2\/types\/page"}],"author":[{"embeddable":true,"href":"https:\/\/tussyke.de\/Hachelauf\/wp-json\/wp\/v2\/users\/1"}],"replies":[{"embeddable":true,"href":"https:\/\/tussyke.de\/Hachelauf\/wp-json\/wp\/v2\/comments?post=34"}],"version-history":[{"count":39,"href":"https:\/\/tussyke.de\/Hachelauf\/wp-json\/wp\/v2\/pages\/34\/revisions"}],"predecessor-version":[{"id":1946,"href":"https:\/\/tussyke.de\/Hachelauf\/wp-json\/wp\/v2\/pages\/34\/revisions\/1946"}],"wp:attachment":[{"href":"https:\/\/tussyke.de\/Hachelauf\/wp-json\/wp\/v2\/media?parent=34"}],"curies":[{"name":"wp","href":"https:\/\/api.w.org\/{rel}","templated":true}]}}