{"id":36,"date":"2018-05-27T19:20:29","date_gmt":"2018-05-27T17:20:29","guid":{"rendered":"https:\/\/tussyke.de\/Hachelauf\/?page_id=36"},"modified":"2025-05-17T19:19:53","modified_gmt":"2025-05-17T17:19:53","slug":"firmenwertung","status":"publish","type":"page","link":"https:\/\/tussyke.de\/Hachelauf\/firmenwertung\/","title":{"rendered":"Firmen- und Mannschaftslauf"},"content":{"rendered":"<h2>MACHTS DOCH GEMEINSAM!<\/h2>\n<p>Motiviere mindestens zwei Deiner Arbeitskollegen, Deiner Mannschaftskollegen, Deiner Freunde oder Deiner Familie und nimm als Team mit eigenem Namen teil.<br \/>\nZur Auswahl stehen der 5 km oder der 10 km Lauf.<br \/>\nDen Rundkurs entlang der Hache und durch die Innenstadt mit einer L\u00e4nge von 2,5 km bew\u00e4ltigt Ihr zusammen zwei- bzw. viermal, Start und Ziel befinden sich vor dem Kreishaus.<\/p>\n<p>Fu\u0308r die 10 km Strecke bist Du 2012 oder davor, fu\u0308r die 5 km Strecke 2014 oder davor geboren, ausreichend trainiert und sportgesund.<\/p>\n<p>Startzeit: 17:30 Uhr fu\u0308r die 5 km, 18:30 Uhr fu\u0308r die 10 km<br \/>\nSei bitte jeweils etwa 15 min. vorher im Startbereich.<\/p>\n<p>Den Streckenplan findest Du <a href=\"https:\/\/tussyke.de\/Hachelauf\/lauf-infos\/strecke\/\">hier<\/a>.<\/p>\n<p>Mit demselben Firmennamen angemeldete Arbeitskollegen werden in der Kategorie \u201eFirma\u201c gewertet, alle anderen Teams fallen unter die Kategorie \u201eMannschaft\u201c.<\/p>\n<p>&nbsp;<\/p>\n<p>Auf geht\u2019s zur <a href=\"https:\/\/tussyke.de\/Hachelauf\/anmeldung\/\">Anmeldung<\/a>.<\/p>\n<p>Die Siegerehrungen der drei schnellsten Teams beider Kategorien erfolgen am Veranstaltungstag, wobei die jeweils drei schnellsten L\u00e4uferInnen f\u00fcr die Teamwertung ber\u00fccksichtigt werden.<br \/>\nDas Team mit den meisten Teilnehmern wird ebenfalls ausgezeichnet.<\/p>\n","protected":false},"excerpt":{"rendered":"<p>MACHTS DOCH GEMEINSAM! Motiviere mindestens zwei Deiner Arbeitskollegen, Deiner Mannschaftskollegen, Deiner Freunde oder Deiner Familie und nimm als Team mit eigenem Namen teil. Zur Auswahl stehen der 5 km oder der 10 km Lauf. Den Rundkurs entlang der Hache und durch die Innenstadt mit einer L\u00e4nge von 2,5 km bew\u00e4ltigt Ihr zusammen zwei- bzw. viermal,&hellip; <br \/> <a class=\"button small blue\" href=\"https:\/\/tussyke.de\/Hachelauf\/firmenwertung\/\">Weiterlesen<\/a><\/p>\n","protected":false},"author":1,"featured_media":0,"parent":0,"menu_order":0,"comment_status":"closed","ping_status":"closed","template":"","meta":{"footnotes":""},"class_list":["post-36","page","type-page","status-publish","hentry"],"_links":{"self":[{"href":"https:\/\/tussyke.de\/Hachelauf\/wp-json\/wp\/v2\/pages\/36","targetHints":{"allow":["GET"]}}],"collection":[{"href":"https:\/\/tussyke.de\/Hachelauf\/wp-json\/wp\/v2\/pages"}],"about":[{"href":"https:\/\/tussyke.de\/Hachelauf\/wp-json\/wp\/v2\/types\/page"}],"author":[{"embeddable":true,"href":"https:\/\/tussyke.de\/Hachelauf\/wp-json\/wp\/v2\/users\/1"}],"replies":[{"embeddable":true,"href":"https:\/\/tussyke.de\/Hachelauf\/wp-json\/wp\/v2\/comments?post=36"}],"version-history":[{"count":17,"href":"https:\/\/tussyke.de\/Hachelauf\/wp-json\/wp\/v2\/pages\/36\/revisions"}],"predecessor-version":[{"id":1955,"href":"https:\/\/tussyke.de\/Hachelauf\/wp-json\/wp\/v2\/pages\/36\/revisions\/1955"}],"wp:attachment":[{"href":"https:\/\/tussyke.de\/Hachelauf\/wp-json\/wp\/v2\/media?parent=36"}],"curies":[{"name":"wp","href":"https:\/\/api.w.org\/{rel}","templated":true}]}}