{"id":428,"date":"2018-09-09T20:22:59","date_gmt":"2018-09-09T18:22:59","guid":{"rendered":"https:\/\/tussyke.de\/Hachelauf\/?page_id=428"},"modified":"2025-12-11T16:18:01","modified_gmt":"2025-12-11T15:18:01","slug":"ausschreibung","status":"publish","type":"page","link":"https:\/\/tussyke.de\/Hachelauf\/ausschreibung\/","title":{"rendered":"Ausschreibung"},"content":{"rendered":"<p>&nbsp;<\/p>\n<table>\n<tbody>\n<tr>\n<td>Termin<\/td>\n<td>Samstag, 09. Mai 2026, ab 14.00 Uhr<\/td>\n<\/tr>\n<tr>\n<td>Austragungsort<\/td>\n<td>Syke, Innenstadt (Start\/Ziel: Kreuzung Hauptstra\u00dfe\/M\u00fchlendamm)<\/td>\n<\/tr>\n<tr>\n<td>Veranstalter<\/td>\n<td>TuS Syke e.V.<\/td>\n<\/tr>\n<tr>\n<td>Anmeldung<\/td>\n<td>Online vom 13. Dezember 2025 bis zum 03. Mai 2026 \u00fcber diese Website. Nachmeldung vor Ort am 09. Mai 2026<\/td>\n<\/tr>\n<tr>\n<td>Wettbewerbe<\/td>\n<td>offiziell durch den DLV vermessene Strecken<\/p>\n<p>1 km Kinderl\u00e4ufe Jahrg\u00e4nge 2015-2020 (AK U8-U12)<br \/>\n2,5 km Jugendlauf Jahrg\u00e4nge 2009-2016 (AK U12-U18)<br \/>\n5 km Lauf ab Jahrgang 2014 (AK U14)<br \/>\n10 km Lauf ab Jahrgang 2012 (AK U16)<br \/>\n4 x 2,5 km Staffellauf ab Jahrgang 2016 (AK U12)<br \/>\n5 km Walking u. Nordic Walking ab Jahrgang 2014 (AK U14)<br \/>\n<strong>Mannschafts- und Firmenlauf \u00fcber 5 km und 10 km<\/strong><br \/>\nmindestens 3 Teilnehmende pro Mannschaft und Firma<br \/>\n<strong>Gemeinsame Kreismeisterschaften im Stra\u00dfenlauf \u00fcber 10 km der Kreis-Leichtathletik-Verb\u00e4nde Diepholz und Nienburg<\/strong><br \/>\n&#8211; 10 km Einzelwertung ab Jahrgang 20010 (AK U18) in einer Wertung Aufnahme in die Bestenlisten nach Altersklassen<br \/>\n&#8211; 10 km Mannschaftswertung Frauen und M\u00e4nner mit jeweils drei Athleten\/Athletinnen eines Verein<\/td>\n<\/tr>\n<tr>\n<td>Startgebu\u0308hren<\/td>\n<td><strong>Kinder und Jugendliche<\/strong><br \/>\n5,00 Euro bis zum 03.05.2026<br \/>\n<strong>Erwachsene<\/strong><br \/>\n8,00 Euro bis zum 31.12.2025; 12,00 Euro bis zum 31.03.2026;<br \/>\n15,00 Euro bis zum 03.05.2026<br \/>\n<strong>Staffeln<\/strong><br \/>\nErwachsene und gemischt: 26,00 Euro bis zum 31.12.2025;<br \/>\n38,00 Euro bis zum 31.03.2026; 48,00 Euro bis zum 03.05.2026<br \/>\nKinder und Jugendliche: 20,00 Euro bis zum 03.05.2026<br \/>\nZahlung via SEPA-Basislastschrift&nbsp;<\/p>\n<p><strong>Nachmeldung<\/strong> am 09.05.2026 vor Ort<br \/>\n<strong>Kinder und Jugendliche<\/strong>: 7,00 Euro<br \/>\n<strong>Erwachsene<\/strong>: 20,00 Euro<br \/>\n<strong>Staffeln<\/strong>:<br \/>\nErwachsene und gemischt: 64,00 Euro<br \/>\nKinder und Jugendliche: 28,00 Euro<br \/>\nZahlung via SEPA-Basislastschrift bei Onlineanmeldung oder bar bei Meldung per Nachmeldezettel.<\/td>\n<\/tr>\n<tr>\n<td>Ausgabe der Startunterlagen<\/td>\n<td>Gegen Vorlage der Anmeldebest\u00e4tigung erh\u00e4ltst Du sie auf dem Laufcampus im Amtshof Syke am 09.05.2026 ab 10.00 Uhr.<br \/>\n<strong>Ausgabe dort auch schon am 08.05.2026 von 10.00 &#8211; 17.30 Uhr.<\/strong><\/td>\n<\/tr>\n<tr>\n<td>Toiletten<\/td>\n<td>stehen auf dem Veranstaltungsgel\u00e4nde bereit.<\/td>\n<\/tr>\n<tr>\n<td>Umkleidezelt<\/td>\n<td>ist vorhanden.<\/td>\n<\/tr>\n<tr>\n<td>Gep\u00e4ckabgabe<\/td>\n<td>bieten wir an.<\/td>\n<\/tr>\n<tr>\n<td>Verpflegung<\/td>\n<td>Fu\u0308r alle Teilnehmer steht im Zielbereich bzw. auf der Runde eine Verpflegungsstation bereit.<\/td>\n<\/tr>\n<tr>\n<td>Medizinische Versorgung<\/td>\n<td>Sanit\u00e4ter stehen den Teilnehmern in Notf\u00e4llen zur Verfu\u0308gung.<\/td>\n<\/tr>\n<tr>\n<td>Siegerehrungen<\/td>\n<td>finden fu\u0308r alle Wettbewerbe am Veranstaltungstag statt. Zum Zeitplan geht es <a href=\"https:\/\/tussyke.de\/Hachelauf\/lauf-infos\/zeitplan\/\">hier<\/a>, bitte auch auf die Durchsagen achten.<\/td>\n<\/tr>\n<tr>\n<td>Auszeichnungen<\/td>\n<td>Alle Teilnehmenden erhalten eine Urkunde, die nach der Veranstaltung online ausgedruckt werden kann.<br \/>\nF\u00fcr alle Teilnehmenden gibt es eine Medaille im Hachelauf-Design.<br \/>\nZus\u00e4tzlich werden mit Preisen belohnt:<br \/>\n&#8211; <strong>Kinderl\u00e4ufe<\/strong><br \/>\ndie Pl\u00e4tze 1-3 pro Jahrgang, jeweils m\u00e4nnlich und weiblich<br \/>\n&#8211; L\u00e4ufe \u00fcber 2,5 km, 5 km und 10 km<br \/>\ndie Pl\u00e4tze 1-3, jeweils m\u00e4nnlich und weiblich<br \/>\n&#8211; <strong>Staffeln<\/strong><br \/>\ndie Pl\u00e4tze 1-3, jeweils f\u00fcr reine Jugendstaffeln sowie reine<br \/>\nErwachsenen-\/gemischte Staffeln<br \/>\n&#8211; <strong>5 km Walking und 5 km Nordic Walking<\/strong><br \/>\ndie Pl\u00e4tze 1-3, jeweils m\u00e4nnlich und weiblich<br \/>\n&#8211;<strong> Mannschafts- und Firmenwertung<\/strong><br \/>\njeweils die Pl\u00e4tze 1-3 \u00fcber 5 km und 10 km<br \/>\n&#8211; <strong>Kreismeisterschaften \u00fcber 10 km<\/strong><br \/>\ndie Pl\u00e4tze 1-3 Einzel und Mannschaft, jeweils m\u00e4nnlich und weiblich<br \/>\n&#8211; <strong>die Schule mit den meisten teilnehmenden Schu\u0308lern bei den Kinderl\u00e4ufen<\/strong> (Kriterium: Relation Teilnehmerzahl zu Gesamtschu\u0308lerzahl)<br \/>\n&#8211; <strong>die Schule mit den meisten teilnehmenden Sch\u00fclern bei allen L\u00e4ufen<\/strong> (Kriterium: Relation Teilnehmerzahl zu Gesamtsch\u00fclerzahl),<br \/>\n&#8211; <strong>die schnellsten Klassen pro Jahrgang bei den Kinderl\u00e4ufen<\/strong><br \/>\nPreise und Auszeichnungen werden nur bei den Siegerehrungen ausgegeben.<\/td>\n<\/tr>\n<tr>\n<td>Ergebnisse<\/td>\n<td>werden nach der Veranstaltung u\u0308ber diese Webseite abrufbar sein.<\/td>\n<\/tr>\n<\/tbody>\n<\/table>\n","protected":false},"excerpt":{"rendered":"<p>&nbsp; Termin Samstag, 09. Mai 2026, ab 14.00 Uhr Austragungsort Syke, Innenstadt (Start\/Ziel: Kreuzung Hauptstra\u00dfe\/M\u00fchlendamm) Veranstalter TuS Syke e.V. Anmeldung Online vom 13. Dezember 2025 bis zum 03. Mai 2026 \u00fcber diese Website. Nachmeldung vor Ort am 09. Mai 2026 Wettbewerbe offiziell durch den DLV vermessene Strecken 1 km Kinderl\u00e4ufe Jahrg\u00e4nge 2015-2020 (AK U8-U12) 2,5&hellip; <br \/> <a class=\"button small blue\" href=\"https:\/\/tussyke.de\/Hachelauf\/ausschreibung\/\">Weiterlesen<\/a><\/p>\n","protected":false},"author":1,"featured_media":0,"parent":0,"menu_order":0,"comment_status":"closed","ping_status":"closed","template":"","meta":{"footnotes":""},"class_list":["post-428","page","type-page","status-publish","hentry"],"_links":{"self":[{"href":"https:\/\/tussyke.de\/Hachelauf\/wp-json\/wp\/v2\/pages\/428","targetHints":{"allow":["GET"]}}],"collection":[{"href":"https:\/\/tussyke.de\/Hachelauf\/wp-json\/wp\/v2\/pages"}],"about":[{"href":"https:\/\/tussyke.de\/Hachelauf\/wp-json\/wp\/v2\/types\/page"}],"author":[{"embeddable":true,"href":"https:\/\/tussyke.de\/Hachelauf\/wp-json\/wp\/v2\/users\/1"}],"replies":[{"embeddable":true,"href":"https:\/\/tussyke.de\/Hachelauf\/wp-json\/wp\/v2\/comments?post=428"}],"version-history":[{"count":71,"href":"https:\/\/tussyke.de\/Hachelauf\/wp-json\/wp\/v2\/pages\/428\/revisions"}],"predecessor-version":[{"id":1980,"href":"https:\/\/tussyke.de\/Hachelauf\/wp-json\/wp\/v2\/pages\/428\/revisions\/1980"}],"wp:attachment":[{"href":"https:\/\/tussyke.de\/Hachelauf\/wp-json\/wp\/v2\/media?parent=428"}],"curies":[{"name":"wp","href":"https:\/\/api.w.org\/{rel}","templated":true}]}}