{"id":45,"date":"2018-05-27T19:22:00","date_gmt":"2018-05-27T17:22:00","guid":{"rendered":"https:\/\/tussyke.de\/Hachelauf\/?page_id=45"},"modified":"2026-04-13T19:34:42","modified_gmt":"2026-04-13T17:34:42","slug":"zeitplan","status":"publish","type":"page","link":"https:\/\/tussyke.de\/Hachelauf\/lauf-infos\/zeitplan\/","title":{"rendered":"Zeitplan"},"content":{"rendered":"<table>\n<tbody>\n<tr>\n<td>14:00 Uhr<\/td>\n<td>Begr\u00fc\u00dfung &#8211; Interviews<\/td>\n<\/tr>\n<tr>\n<td>14:15 bis 16:00 Uhr<\/td>\n<td>1 km Kinderl\u00e4ufe mit Siegerehrungen, Zeitplan siehe unten<\/td>\n<\/tr>\n<tr>\n<td>16:15 Uhr<\/td>\n<td>Start 2,5 km Jugendlauf<\/td>\n<\/tr>\n<tr>\n<td>16:18 Uhr<\/td>\n<td>Start 5 km Walking + Nordic Walking<\/td>\n<\/tr>\n<tr>\n<td>17:30 Uhr<\/td>\n<td>Start 5 km Lauf<\/td>\n<\/tr>\n<tr>\n<td>17:45 Uhr<\/td>\n<td>Siegerehrung 2,5 km Jugendlauf und 5 km Walking + Nordic Walking<\/td>\n<\/tr>\n<tr>\n<td>18:30 Uhr<\/td>\n<td>Start 10 km Lauf<\/td>\n<\/tr>\n<tr>\n<td><\/td>\n<td>Start 4 x 2,5 km Staffellauf<\/td>\n<\/tr>\n<tr>\n<td>18:45 Uhr<\/td>\n<td>Siegerehrung 5 km Lauf, mit Firmen- und Mannschaftswertung<\/td>\n<\/tr>\n<tr>\n<td>19:45 Uhr<\/td>\n<td>Siegerehrung 10 km Lauf, mit Firmen- und Mannschaftswertung, Staffeln und Kreismeisterschaften<\/td>\n<\/tr>\n<tr>\n<td>20:00 Uhr<\/td>\n<td>Ende<\/td>\n<\/tr>\n<\/tbody>\n<\/table>\n<p>&nbsp;<\/p>\n<p><strong><span style=\"color: #000000\"><em>vorl\u00e4ufiger<\/em><\/span> <\/strong>Zeitplan f\u00fcr die Kinderl\u00e4ufe (14:15 Uhr &#8211; 16:00 Uhr)<br \/>\n(der endg\u00fcltige wird nach Eingang der Meldungen ver\u00f6ffentlicht)<\/p>\n<table border=\"0\" cellspacing=\"0\">\n<colgroup width=\"122\"><\/colgroup>\n<colgroup width=\"164\"><\/colgroup>\n<colgroup width=\"170\"><\/colgroup>\n<colgroup width=\"241\"><\/colgroup>\n<tbody>\n<tr>\n<td align=\"left\" height=\"29\" data-sheets-value=\"{ &quot;1&quot;: 2, &quot;2&quot;: &quot;14:20 Uhr&quot;}\"><span style=\"font-size: large\">14:15 Uhr<\/span><\/td>\n<td align=\"left\" data-sheets-value=\"{ &quot;1&quot;: 2, &quot;2&quot;: &quot;Kinderlauf 1&quot;}\"><span style=\"font-size: large\">Kinderlauf 1<\/span><\/td>\n<td align=\"left\" data-sheets-value=\"{ &quot;1&quot;: 2, &quot;2&quot;: &quot;Jahrgang 2019&quot;}\"><span style=\"font-size: large\">Jahrgang 2020<\/span><\/td>\n<td align=\"left\" data-sheets-value=\"{ &quot;1&quot;: 2, &quot;2&quot;: &quot;weiblich und m\u00e4nnlich&quot;}\"><span style=\"font-size: large\">weiblich und m\u00e4nnlich<\/span><\/td>\n<\/tr>\n<tr>\n<td align=\"left\" height=\"29\" data-sheets-value=\"{ &quot;1&quot;: 2, &quot;2&quot;: &quot;14:35 Uhr&quot;}\"><span style=\"font-size: large\">14:30 Uhr<\/span><\/td>\n<td align=\"left\" data-sheets-value=\"{ &quot;1&quot;: 2, &quot;2&quot;: &quot;Kinderlauf 2&quot;}\"><span style=\"font-size: large\">Kinderlauf 2<\/span><\/td>\n<td align=\"left\" data-sheets-value=\"{ &quot;1&quot;: 2, &quot;2&quot;: &quot;Jahrgang 2018&quot;}\"><span style=\"font-size: large\">Jahrgang 2019<\/span><\/td>\n<td align=\"left\" data-sheets-value=\"{ &quot;1&quot;: 2, &quot;2&quot;: &quot;weiblich und m\u00e4nnlich&quot;}\"><span style=\"font-size: large\">weiblich und m\u00e4nnlich<\/span><\/td>\n<\/tr>\n<tr>\n<td align=\"left\" height=\"29\" data-sheets-value=\"{ &quot;1&quot;: 2, &quot;2&quot;: &quot;14:50 Uhr&quot;}\"><span style=\"font-size: large\">14:45 Uhr<\/span><\/td>\n<td align=\"left\" data-sheets-value=\"{ &quot;1&quot;: 2, &quot;2&quot;: &quot;Kinderlauf 3&quot;}\"><span style=\"font-size: large\">Kinderlauf 3<\/span><\/td>\n<td align=\"left\" data-sheets-value=\"{ &quot;1&quot;: 2, &quot;2&quot;: &quot;Jahrgang 2017&quot;}\"><span style=\"font-size: large\">Jahrgang 2018<\/span><\/td>\n<td align=\"left\" data-sheets-value=\"{ &quot;1&quot;: 2, &quot;2&quot;: &quot;weiblich&quot;}\"><span style=\"font-size: large\">weiblich<\/span><\/td>\n<\/tr>\n<tr>\n<td align=\"left\" height=\"29\" data-sheets-value=\"{ &quot;1&quot;: 2, &quot;2&quot;: &quot;15:00 Uhr&quot;}\"><span style=\"font-size: large\">14:55 Uhr<\/span><\/td>\n<td align=\"left\" data-sheets-value=\"{ &quot;1&quot;: 2, &quot;2&quot;: &quot;Kinderlauf 4&quot;}\"><span style=\"font-size: large\">Kinderlauf 4<\/span><\/td>\n<td align=\"left\" data-sheets-value=\"{ &quot;1&quot;: 2, &quot;2&quot;: &quot;Jahrgang 2017&quot;}\"><span style=\"font-size: large\">Jahrgang 2018<\/span><\/td>\n<td align=\"left\" data-sheets-value=\"{ &quot;1&quot;: 2, &quot;2&quot;: &quot;m\u00e4nnlich&quot;}\"><span style=\"font-size: large\">m\u00e4nnlich<\/span><\/td>\n<\/tr>\n<tr>\n<td align=\"left\" height=\"29\" data-sheets-value=\"{ &quot;1&quot;: 2, &quot;2&quot;: &quot;15:10 Uhr&quot;}\"><span style=\"font-size: large\">15:05 Uhr<\/span><\/td>\n<td align=\"left\" data-sheets-value=\"{ &quot;1&quot;: 2, &quot;2&quot;: &quot;Kinderlauf 5&quot;}\"><span style=\"font-size: large\">Kinderlauf 5<\/span><\/td>\n<td align=\"left\" data-sheets-value=\"{ &quot;1&quot;: 2, &quot;2&quot;: &quot;Jahrgang 2016&quot;}\"><span style=\"font-size: large\">Jahrgang 2017<\/span><\/td>\n<td align=\"left\" data-sheets-value=\"{ &quot;1&quot;: 2, &quot;2&quot;: &quot;weiblich&quot;}\"><span style=\"font-size: large\">weiblich<\/span><\/td>\n<\/tr>\n<tr>\n<td align=\"left\" height=\"29\" data-sheets-value=\"{ &quot;1&quot;: 2, &quot;2&quot;: &quot;15:20 Uhr&quot;}\"><span style=\"font-size: large\">15:15 Uhr<\/span><\/td>\n<td align=\"left\" data-sheets-value=\"{ &quot;1&quot;: 2, &quot;2&quot;: &quot;Kinderlauf 6&quot;}\"><span style=\"font-size: large\">Kinderlauf 6<\/span><\/td>\n<td align=\"left\" data-sheets-value=\"{ &quot;1&quot;: 2, &quot;2&quot;: &quot;Jahrgang 2016&quot;}\"><span style=\"font-size: large\">Jahrgang 2017<\/span><\/td>\n<td align=\"left\" data-sheets-value=\"{ &quot;1&quot;: 2, &quot;2&quot;: &quot;m\u00e4nnlich&quot;}\"><span style=\"font-size: large\">m\u00e4nnlich<\/span><\/td>\n<\/tr>\n<tr>\n<td align=\"left\" height=\"29\" data-sheets-value=\"{ &quot;1&quot;: 2, &quot;2&quot;: &quot;15:30 Uhr&quot;}\"><span style=\"font-size: large\">15:25 Uhr<\/span><\/td>\n<td align=\"left\" data-sheets-value=\"{ &quot;1&quot;: 2, &quot;2&quot;: &quot;Kinderlauf 7&quot;}\"><span style=\"font-size: large\">Kinderlauf 7<\/span><\/td>\n<td align=\"left\" data-sheets-value=\"{ &quot;1&quot;: 2, &quot;2&quot;: &quot;Jahrgang 2015&quot;}\"><span style=\"font-size: large\">Jahrgang 2016<\/span><\/td>\n<td align=\"left\" data-sheets-value=\"{ &quot;1&quot;: 2, &quot;2&quot;: &quot;weiblich&quot;}\"><span style=\"font-size: large\">weiblich<\/span><\/td>\n<\/tr>\n<tr>\n<td align=\"left\" height=\"29\" data-sheets-value=\"{ &quot;1&quot;: 2, &quot;2&quot;: &quot;15:40 Uhr&quot;}\"><span style=\"font-size: large\">15:35 Uhr<\/span><\/td>\n<td align=\"left\" data-sheets-value=\"{ &quot;1&quot;: 2, &quot;2&quot;: &quot;Kinderlauf 8&quot;}\"><span style=\"font-size: large\">Kinderlauf 8<\/span><\/td>\n<td align=\"left\" data-sheets-value=\"{ &quot;1&quot;: 2, &quot;2&quot;: &quot;Jahrgang 2015&quot;}\"><span style=\"font-size: large\">Jahrgang 2016<\/span><\/td>\n<td align=\"left\" data-sheets-value=\"{ &quot;1&quot;: 2, &quot;2&quot;: &quot;m\u00e4nnlich&quot;}\"><span style=\"font-size: large\">m\u00e4nnlich<\/span><\/td>\n<\/tr>\n<tr>\n<td align=\"left\" height=\"29\" data-sheets-value=\"{ &quot;1&quot;: 2, &quot;2&quot;: &quot;15:50 Uhr &quot;}\"><span style=\"font-size: large\">15:45 Uhr <\/span><\/td>\n<td align=\"left\" data-sheets-value=\"{ &quot;1&quot;: 2, &quot;2&quot;: &quot;Kinderlauf 9&quot;}\"><span style=\"font-size: large\">Kinderlauf 9<\/span><\/td>\n<td align=\"left\" data-sheets-value=\"{ &quot;1&quot;: 2, &quot;2&quot;: &quot;Jahrgang 2014&quot;}\"><span style=\"font-size: large\">Jahrgang 2015<\/span><\/td>\n<td align=\"left\" data-sheets-value=\"{ &quot;1&quot;: 2, &quot;2&quot;: &quot;weiblich und m\u00e4nnlich&quot;}\"><span style=\"font-size: large\">weiblich und m\u00e4nnlich<br \/>\n<\/span><\/td>\n<\/tr>\n<\/tbody>\n<\/table>\n<p>&nbsp;<\/p>\n<p><strong>ab 16:15 Uhr\u00a0 \u00a0Siegerehrungen f\u00fcr alle Kinderl\u00e4ufe mit den Schulwertungen<\/strong><\/p>\n","protected":false},"excerpt":{"rendered":"<p>14:00 Uhr Begr\u00fc\u00dfung &#8211; Interviews 14:15 bis 16:00 Uhr 1 km Kinderl\u00e4ufe mit Siegerehrungen, Zeitplan siehe unten 16:15 Uhr Start 2,5 km Jugendlauf 16:18 Uhr Start 5 km Walking + Nordic Walking 17:30 Uhr Start 5 km Lauf 17:45 Uhr Siegerehrung 2,5 km Jugendlauf und 5 km Walking + Nordic Walking 18:30 Uhr Start 10&hellip; <br \/> <a class=\"button small blue\" href=\"https:\/\/tussyke.de\/Hachelauf\/lauf-infos\/zeitplan\/\">Weiterlesen<\/a><\/p>\n","protected":false},"author":1,"featured_media":0,"parent":38,"menu_order":0,"comment_status":"closed","ping_status":"closed","template":"","meta":{"footnotes":""},"class_list":["post-45","page","type-page","status-publish","hentry"],"_links":{"self":[{"href":"https:\/\/tussyke.de\/Hachelauf\/wp-json\/wp\/v2\/pages\/45","targetHints":{"allow":["GET"]}}],"collection":[{"href":"https:\/\/tussyke.de\/Hachelauf\/wp-json\/wp\/v2\/pages"}],"about":[{"href":"https:\/\/tussyke.de\/Hachelauf\/wp-json\/wp\/v2\/types\/page"}],"author":[{"embeddable":true,"href":"https:\/\/tussyke.de\/Hachelauf\/wp-json\/wp\/v2\/users\/1"}],"replies":[{"embeddable":true,"href":"https:\/\/tussyke.de\/Hachelauf\/wp-json\/wp\/v2\/comments?post=45"}],"version-history":[{"count":41,"href":"https:\/\/tussyke.de\/Hachelauf\/wp-json\/wp\/v2\/pages\/45\/revisions"}],"predecessor-version":[{"id":1993,"href":"https:\/\/tussyke.de\/Hachelauf\/wp-json\/wp\/v2\/pages\/45\/revisions\/1993"}],"up":[{"embeddable":true,"href":"https:\/\/tussyke.de\/Hachelauf\/wp-json\/wp\/v2\/pages\/38"}],"wp:attachment":[{"href":"https:\/\/tussyke.de\/Hachelauf\/wp-json\/wp\/v2\/media?parent=45"}],"curies":[{"name":"wp","href":"https:\/\/api.w.org\/{rel}","templated":true}]}}